{"id":10509,"date":"2013-01-14T11:39:12","date_gmt":"2013-01-14T16:39:12","guid":{"rendered":"https:\/\/ndcc.wpengine.com\/ndcc-inscription-amateur\/"},"modified":"2026-02-04T12:49:50","modified_gmt":"2026-02-04T17:49:50","slug":"ndcc-inscription-amateur","status":"publish","type":"page","link":"https:\/\/dancecouncil.ca\/fr\/ndcc-inscription-amateur\/","title":{"rendered":"Inscription amateur NDCC"},"content":{"rendered":"[vc_row type=\u00a0\u00bbin_container\u00a0\u00bb full_screen_row_position=\u00a0\u00bbmiddle\u00a0\u00bb column_margin=\u00a0\u00bbdefault\u00a0\u00bb column_direction=\u00a0\u00bbdefault\u00a0\u00bb column_direction_tablet=\u00a0\u00bbdefault\u00a0\u00bb column_direction_phone=\u00a0\u00bbdefault\u00a0\u00bb scene_position=\u00a0\u00bbcenter\u00a0\u00bb top_padding=\u00a0\u00bb60&Prime; bottom_padding=\u00a0\u00bb60&Prime; text_color=\u00a0\u00bbdark\u00a0\u00bb text_align=\u00a0\u00bbleft\u00a0\u00bb row_border_radius=\u00a0\u00bbnone\u00a0\u00bb row_border_radius_applies=\u00a0\u00bbbg\u00a0\u00bb overflow=\u00a0\u00bbvisible\u00a0\u00bb overlay_strength=\u00a0\u00bb0.3&Prime; gradient_direction=\u00a0\u00bbleft_to_right\u00a0\u00bb shape_divider_position=\u00a0\u00bbbottom\u00a0\u00bb bg_image_animation=\u00a0\u00bbnone\u00a0\u00bb][vc_column column_padding=\u00a0\u00bbno-extra-padding\u00a0\u00bb column_padding_tablet=\u00a0\u00bbinherit\u00a0\u00bb column_padding_phone=\u00a0\u00bbinherit\u00a0\u00bb column_padding_position=\u00a0\u00bball\u00a0\u00bb column_element_direction_desktop=\u00a0\u00bbdefault\u00a0\u00bb column_element_spacing=\u00a0\u00bbdefault\u00a0\u00bb desktop_text_alignment=\u00a0\u00bbdefault\u00a0\u00bb tablet_text_alignment=\u00a0\u00bbdefault\u00a0\u00bb phone_text_alignment=\u00a0\u00bbdefault\u00a0\u00bb background_color_opacity=\u00a0\u00bb1&Prime; background_hover_color_opacity=\u00a0\u00bb1&Prime; column_backdrop_filter=\u00a0\u00bbnone\u00a0\u00bb column_shadow=\u00a0\u00bbnone\u00a0\u00bb column_border_radius=\u00a0\u00bbnone\u00a0\u00bb column_link_target=\u00a0\u00bb_self\u00a0\u00bb column_position=\u00a0\u00bbdefault\u00a0\u00bb gradient_direction=\u00a0\u00bbleft_to_right\u00a0\u00bb overlay_strength=\u00a0\u00bb0.3&Prime; width=\u00a0\u00bb1\/1&Prime; tablet_width_inherit=\u00a0\u00bbdefault\u00a0\u00bb animation_type=\u00a0\u00bbdefault\u00a0\u00bb bg_image_animation=\u00a0\u00bbnone\u00a0\u00bb border_type=\u00a0\u00bbsimple\u00a0\u00bb column_border_width=\u00a0\u00bbnone\u00a0\u00bb column_border_style=\u00a0\u00bbsolid\u00a0\u00bb][vc_column_text css=\u00a0\u00bb\u00a0\u00bb text_direction=\u00a0\u00bbdefault\u00a0\u00bb]Inscrivez-vous comme comp\u00e9titeur amateur NDCC pour acc\u00e9der \u00e0 un large \u00e9ventail de comp\u00e9titions de DanceSport au Canada. Notre objectif est d&rsquo;aider \u00e0 cr\u00e9er de plus grandes opportunit\u00e9s pour les Canadiens de danser sans les d\u00e9fis de tenter de d\u00e9terminer quel organisme d&rsquo;autorisation est impliqu\u00e9 dans chaque \u00e9v\u00e9nement. En tant que comp\u00e9titeur amateur NDCC, vous serez admissible \u00e0 participer \u00e0 tous les \u00e9v\u00e9nements amateurs CDF, CDDSC et WDC ainsi qu&rsquo;aux \u00e9v\u00e9nements NDCA aux \u00c9tats-Unis.  <\/p>\n<p style=\"color: #aa000;\">REMARQUE : L&rsquo;adh\u00e9sion NDCC s&rsquo;\u00e9tend pour une ann\u00e9e compl\u00e8te \u00e0 partir de la date d&rsquo;inscription.<\/p>\n<p><strong>IMPORTANT : Toutes les nouvelles inscriptions DOIVENT fournir une preuve d&rsquo;\u00e2ge<\/strong>. Il peut s&rsquo;agir d&rsquo;un certificat de naissance, d&rsquo;un permis de conduire, d&rsquo;un passeport ou d&rsquo;une autre preuve d&rsquo;\u00e2ge acceptable \u00e9mise par le gouvernement. Vous pouvez envoyer une copie num\u00e9ris\u00e9e par courriel ou une photocopie par courrier postal.  <\/p>\n<p>Envoyez la preuve d&rsquo;\u00e2ge \u00e0 :<br \/>\nRegistre national NDCC<br \/>\na\/s Registraire NDCC<br \/>\n2720, rue des Ormeaux<br \/>\nMontr\u00e9al, QC, Canada<br \/>\nH1L 4X7<br \/>\nT\u00e9l. : <a href=\"tel:514-354-2210\">514-354-2210<\/a><br \/>\nCourriel : <a href=\"mailto:ndcc.amateur@dancecouncil.ca\">ndcc.amateur@dancecouncil.ca<\/a><\/p>\n<p><strong>Frais :<\/strong><br \/>\nPr\u00e9-comp\u00e9titif : 10 $<br \/>\nJuv\u00e9nile (11 ans et moins) : 15 $<br \/>\nJunior (\u00e2ges 12-15) : 35 $<br \/>\nAdulte (\u00e2ge 16 et plus) : 50 $<br \/>\nVeuillez s\u00e9lectionner l&rsquo;\u00e2ge sous \u00ab Type d&rsquo;inscription \u00bb sur votre formulaire d&rsquo;inscription.[\/vc_column_text][vc_column_text]Remarque : Vos informations sont confidentielles et seront exclusivement utilis\u00e9es pour la communication entre vous, NDCC et les organisateurs de comp\u00e9titions auxquelles vous vous inscrivez.<\/p>\n<p>Si vous ne pouvez pas utiliser ce formulaire, vous pouvez t\u00e9l\u00e9charger le formulaire d&rsquo;inscription, l&rsquo;imprimer et envoyer le formulaire compl\u00e9t\u00e9 avec le paiement \u00e0 l&rsquo;adresse ci-dessus. <a title=\"T\u00e9l\u00e9charger le formulaire d'inscription NDCC\" href=\"\/downloads\/NDCC%20amateur%20registration%20form.pdf\" target=\"_blank\" rel=\"noopener noreferrer\">T\u00e9l\u00e9charger ici<\/a>[\/vc_column_text][vc_column_text css=\u00a0\u00bb\u00a0\u00bb text_direction=\u00a0\u00bbdefault\u00a0\u00bb]\n<h2>Nouvelle inscription amateur<\/h2>\n<p>Cliquez sur le bouton S&rsquo;inscrire ci-dessous pour vous inscrire en ligne par carte de cr\u00e9dit en utilisant notre portail d&rsquo;adh\u00e9sion s\u00e9curis\u00e9. Si vous inscrivez <strong>2 personnes ou plus du m\u00eame foyer qui partagent la m\u00eame adresse courriel<\/strong>, choisissez Inscription familiale.[\/vc_column_text][nectar_btn size=\u00a0\u00bbjumbo\u00a0\u00bb constrain_group_1=\u00a0\u00bbyes\u00a0\u00bb open_new_tab=\u00a0\u00bbtrue\u00a0\u00bb button_style=\u00a0\u00bbregular\u00a0\u00bb button_color_2=\u00a0\u00bbAccent-Color\u00a0\u00bb icon_family=\u00a0\u00bbnone\u00a0\u00bb nofollow=\u00a0\u00bbtrue\u00a0\u00bb text=\u00a0\u00bbS&apos;inscrire (Individuel)\u00a0\u00bb url=\u00a0\u00bbhttps:\/\/secure.dancecouncil.ca\/membership\/account\/register\u00a0\u00bb margin_top=\u00a0\u00bb30&Prime; margin_bottom=\u00a0\u00bb30&Prime; margin_right=\u00a0\u00bb40&Prime;][nectar_btn size=\u00a0\u00bbjumbo\u00a0\u00bb constrain_group_1=\u00a0\u00bbyes\u00a0\u00bb open_new_tab=\u00a0\u00bbtrue\u00a0\u00bb button_style=\u00a0\u00bbregular\u00a0\u00bb button_color_2=\u00a0\u00bbAccent-Color\u00a0\u00bb icon_family=\u00a0\u00bbnone\u00a0\u00bb nofollow=\u00a0\u00bbtrue\u00a0\u00bb text=\u00a0\u00bbS&apos;inscrire (Famille)\u00a0\u00bb url=\u00a0\u00bbhttps:\/\/secure.dancecouncil.ca\/membership\/account\/register?member_type=-1&Prime; margin_top=\u00a0\u00bb30&Prime; margin_bottom=\u00a0\u00bb30&Prime; margin_right=\u00a0\u00bb40&Prime;][vc_column_text css=\u00a0\u00bb\u00a0\u00bb text_direction=\u00a0\u00bbdefault\u00a0\u00bb]\n<h2>Renouvellements<\/h2>\n<p>Si vous renouvelez une adh\u00e9sion existante, cliquez sur le bouton ci-dessous pour vous connecter \u00e0 votre compte en utilisant notre portail d&rsquo;adh\u00e9sion s\u00e9curis\u00e9.[\/vc_column_text][nectar_btn size=\u00a0\u00bbjumbo\u00a0\u00bb constrain_group_1=\u00a0\u00bbyes\u00a0\u00bb open_new_tab=\u00a0\u00bbtrue\u00a0\u00bb button_style=\u00a0\u00bbregular\u00a0\u00bb button_color_2=\u00a0\u00bbAccent-Color\u00a0\u00bb icon_family=\u00a0\u00bbnone\u00a0\u00bb nofollow=\u00a0\u00bbtrue\u00a0\u00bb text=\u00a0\u00bbRenouveler\u00a0\u00bb url=\u00a0\u00bbhttps:\/\/secure.dancecouncil.ca\/account\/login\u00a0\u00bb margin_top=\u00a0\u00bb30&Prime; margin_bottom=\u00a0\u00bb30&Prime;][\/vc_column][\/vc_row]\n","protected":false},"excerpt":{"rendered":"<p>[vc_row type=\u00a0\u00bbin_container\u00a0\u00bb full_screen_row_position=\u00a0\u00bbmiddle\u00a0\u00bb column_margin=\u00a0\u00bbdefault\u00a0\u00bb column_direction=\u00a0\u00bbdefault\u00a0\u00bb column_direction_tablet=\u00a0\u00bbdefault\u00a0\u00bb column_direction_phone=\u00a0\u00bbdefault\u00a0\u00bb scene_position=\u00a0\u00bbcenter\u00a0\u00bb top_padding=\u00a0\u00bb60&Prime; bottom_padding=\u00a0\u00bb60&Prime; text_color=\u00a0\u00bbdark\u00a0\u00bb text_align=\u00a0\u00bbleft\u00a0\u00bb row_border_radius=\u00a0\u00bbnone\u00a0\u00bb row_border_radius_applies=\u00a0\u00bbbg\u00a0\u00bb overflow=\u00a0\u00bbvisible\u00a0\u00bb overlay_strength=\u00a0\u00bb0.3&Prime; gradient_direction=\u00a0\u00bbleft_to_right\u00a0\u00bb shape_divider_position=\u00a0\u00bbbottom\u00a0\u00bb bg_image_animation=\u00a0\u00bbnone\u00a0\u00bb][vc_column column_padding=\u00a0\u00bbno-extra-padding\u00a0\u00bb column_padding_tablet=\u00a0\u00bbinherit\u00a0\u00bb column_padding_phone=\u00a0\u00bbinherit\u00a0\u00bb column_padding_position=\u00a0\u00bball\u00a0\u00bb column_element_direction_desktop=\u00a0\u00bbdefault\u00a0\u00bb column_element_spacing=\u00a0\u00bbdefault\u00a0\u00bb desktop_text_alignment=\u00a0\u00bbdefault\u00a0\u00bb tablet_text_alignment=\u00a0\u00bbdefault\u00a0\u00bb phone_text_alignment=\u00a0\u00bbdefault\u00a0\u00bb background_color_opacity=\u00a0\u00bb1&Prime; background_hover_color_opacity=\u00a0\u00bb1&Prime; column_backdrop_filter=\u00a0\u00bbnone\u00a0\u00bb column_shadow=\u00a0\u00bbnone\u00a0\u00bb column_border_radius=\u00a0\u00bbnone\u00a0\u00bb column_link_target=\u00a0\u00bb_self\u00a0\u00bb column_position=\u00a0\u00bbdefault\u00a0\u00bb gradient_direction=\u00a0\u00bbleft_to_right\u00a0\u00bb overlay_strength=\u00a0\u00bb0.3&Prime; width=\u00a0\u00bb1\/1&Prime; tablet_width_inherit=\u00a0\u00bbdefault\u00a0\u00bb animation_type=\u00a0\u00bbdefault\u00a0\u00bb bg_image_animation=\u00a0\u00bbnone\u00a0\u00bb border_type=\u00a0\u00bbsimple\u00a0\u00bb column_border_width=\u00a0\u00bbnone\u00a0\u00bb column_border_style=\u00a0\u00bbsolid\u00a0\u00bb][vc_column_text css=\u00a0\u00bb\u00a0\u00bb text_direction=\u00a0\u00bbdefault\u00a0\u00bb]Inscrivez-vous comme comp\u00e9titeur amateur NDCC&#8230;<\/p>\n","protected":false},"author":1,"featured_media":0,"parent":0,"menu_order":0,"comment_status":"closed","ping_status":"closed","template":"","meta":{"footnotes":""},"class_list":["post-10509","page","type-page","status-publish"],"aioseo_notices":[],"aioseo_head":"\n\t\t<!-- All in One SEO Pro 4.9.6.2 - aioseo.com -->\n\t<meta name=\"description\" content=\"Inscrivez-vous comme membre NDCC aupr\u00e8s du Conseil national de danse du Canada pour participer \u00e0 tout \u00e9v\u00e9nement NDCC ou CDDSC au Canada, ou \u00e9v\u00e9nement NDCA aux \u00c9tats-Unis.\" \/>\n\t<meta name=\"robots\" content=\"max-image-preview:large\" \/>\n\t<link rel=\"canonical\" href=\"https:\/\/dancecouncil.ca\/fr\/ndcc-inscription-amateur\/\" \/>\n\t<meta name=\"generator\" content=\"All in One SEO Pro (AIOSEO) 4.9.6.2\" \/>\n\t\t<meta property=\"og:locale\" content=\"fr_FR\" \/>\n\t\t<meta property=\"og:site_name\" content=\"NDCC - Conseil National en Danse du Canada\" \/>\n\t\t<meta property=\"og:type\" content=\"article\" \/>\n\t\t<meta property=\"og:title\" content=\"Inscription amateur NDCC - NDCC\" \/>\n\t\t<meta property=\"og:description\" content=\"Inscrivez-vous comme membre NDCC aupr\u00e8s du Conseil national de danse du Canada pour participer \u00e0 tout \u00e9v\u00e9nement NDCC ou CDDSC au Canada, ou \u00e9v\u00e9nement NDCA aux \u00c9tats-Unis.\" \/>\n\t\t<meta property=\"og:url\" content=\"https:\/\/dancecouncil.ca\/fr\/ndcc-inscription-amateur\/\" \/>\n\t\t<meta property=\"article:published_time\" content=\"2013-01-14T16:39:12+00:00\" \/>\n\t\t<meta property=\"article:modified_time\" content=\"2026-02-04T17:49:50+00:00\" \/>\n\t\t<meta property=\"article:publisher\" content=\"https:\/\/www.facebook.com\/NdccNationalDanceCouncilofCanada\/\" \/>\n\t\t<meta name=\"twitter:card\" content=\"summary_large_image\" \/>\n\t\t<meta name=\"twitter:title\" content=\"Inscription amateur NDCC - NDCC\" \/>\n\t\t<meta name=\"twitter:description\" content=\"Inscrivez-vous comme membre NDCC aupr\u00e8s du Conseil national de danse du Canada pour participer \u00e0 tout \u00e9v\u00e9nement NDCC ou CDDSC au Canada, ou \u00e9v\u00e9nement NDCA aux \u00c9tats-Unis.\" \/>\n\t\t<script type=\"application\/ld+json\" class=\"aioseo-schema\">\n\t\t\t{\"@context\":\"https:\\\/\\\/schema.org\",\"@graph\":[{\"@type\":\"BreadcrumbList\",\"@id\":\"https:\\\/\\\/dancecouncil.ca\\\/fr\\\/ndcc-inscription-amateur\\\/#breadcrumblist\",\"itemListElement\":[{\"@type\":\"ListItem\",\"@id\":\"https:\\\/\\\/dancecouncil.ca\\\/fr\\\/#listItem\",\"position\":1,\"name\":\"Home\",\"item\":\"https:\\\/\\\/dancecouncil.ca\\\/fr\\\/\",\"nextItem\":{\"@type\":\"ListItem\",\"@id\":\"https:\\\/\\\/dancecouncil.ca\\\/fr\\\/ndcc-inscription-amateur\\\/#listItem\",\"name\":\"Inscription amateur NDCC\"}},{\"@type\":\"ListItem\",\"@id\":\"https:\\\/\\\/dancecouncil.ca\\\/fr\\\/ndcc-inscription-amateur\\\/#listItem\",\"position\":2,\"name\":\"Inscription amateur NDCC\",\"previousItem\":{\"@type\":\"ListItem\",\"@id\":\"https:\\\/\\\/dancecouncil.ca\\\/fr\\\/#listItem\",\"name\":\"Home\"}}]},{\"@type\":\"Organization\",\"@id\":\"https:\\\/\\\/dancecouncil.ca\\\/fr\\\/#organization\",\"name\":\"NDCC\",\"description\":\"Conseil National en Danse du Canada\",\"url\":\"https:\\\/\\\/dancecouncil.ca\\\/fr\\\/\",\"logo\":{\"@type\":\"ImageObject\",\"url\":\"https:\\\/\\\/dancecouncil.ca\\\/wp-content\\\/uploads\\\/2017\\\/02\\\/NDCC-logo-color-200x150-1.png\",\"@id\":\"https:\\\/\\\/dancecouncil.ca\\\/fr\\\/ndcc-inscription-amateur\\\/#organizationLogo\",\"width\":200,\"height\":150},\"image\":{\"@id\":\"https:\\\/\\\/dancecouncil.ca\\\/fr\\\/ndcc-inscription-amateur\\\/#organizationLogo\"},\"sameAs\":[\"https:\\\/\\\/youtube.com\\\/ndcctv\"]},{\"@type\":\"WebPage\",\"@id\":\"https:\\\/\\\/dancecouncil.ca\\\/fr\\\/ndcc-inscription-amateur\\\/#webpage\",\"url\":\"https:\\\/\\\/dancecouncil.ca\\\/fr\\\/ndcc-inscription-amateur\\\/\",\"name\":\"Inscription amateur NDCC - NDCC\",\"description\":\"Inscrivez-vous comme membre NDCC aupr\\u00e8s du Conseil national de danse du Canada pour participer \\u00e0 tout \\u00e9v\\u00e9nement NDCC ou CDDSC au Canada, ou \\u00e9v\\u00e9nement NDCA aux \\u00c9tats-Unis.\",\"inLanguage\":\"fr-FR\",\"isPartOf\":{\"@id\":\"https:\\\/\\\/dancecouncil.ca\\\/fr\\\/#website\"},\"breadcrumb\":{\"@id\":\"https:\\\/\\\/dancecouncil.ca\\\/fr\\\/ndcc-inscription-amateur\\\/#breadcrumblist\"},\"datePublished\":\"2013-01-14T11:39:12-05:00\",\"dateModified\":\"2026-02-04T12:49:50-05:00\"},{\"@type\":\"WebSite\",\"@id\":\"https:\\\/\\\/dancecouncil.ca\\\/fr\\\/#website\",\"url\":\"https:\\\/\\\/dancecouncil.ca\\\/fr\\\/\",\"name\":\"NDCC\",\"description\":\"Conseil National en Danse du Canada\",\"inLanguage\":\"fr-FR\",\"publisher\":{\"@id\":\"https:\\\/\\\/dancecouncil.ca\\\/fr\\\/#organization\"}}]}\n\t\t<\/script>\n\t\t<!-- All in One SEO Pro -->\r\n\t\t<title>Inscription amateur NDCC - NDCC<\/title>\n\n","aioseo_head_json":{"title":"Inscription amateur NDCC - NDCC","description":"Inscrivez-vous comme membre NDCC aupr\u00e8s du Conseil national de danse du Canada pour participer \u00e0 tout \u00e9v\u00e9nement NDCC ou CDDSC au Canada, ou \u00e9v\u00e9nement NDCA aux \u00c9tats-Unis.","canonical_url":"https:\/\/dancecouncil.ca\/fr\/ndcc-inscription-amateur\/","robots":"max-image-preview:large","keywords":"","webmasterTools":{"miscellaneous":""},"schema":{"@context":"https:\/\/schema.org","@graph":[{"@type":"BreadcrumbList","@id":"https:\/\/dancecouncil.ca\/fr\/ndcc-inscription-amateur\/#breadcrumblist","itemListElement":[{"@type":"ListItem","@id":"https:\/\/dancecouncil.ca\/fr\/#listItem","position":1,"name":"Home","item":"https:\/\/dancecouncil.ca\/fr\/","nextItem":{"@type":"ListItem","@id":"https:\/\/dancecouncil.ca\/fr\/ndcc-inscription-amateur\/#listItem","name":"Inscription amateur NDCC"}},{"@type":"ListItem","@id":"https:\/\/dancecouncil.ca\/fr\/ndcc-inscription-amateur\/#listItem","position":2,"name":"Inscription amateur NDCC","previousItem":{"@type":"ListItem","@id":"https:\/\/dancecouncil.ca\/fr\/#listItem","name":"Home"}}]},{"@type":"Organization","@id":"https:\/\/dancecouncil.ca\/fr\/#organization","name":"NDCC","description":"Conseil National en Danse du Canada","url":"https:\/\/dancecouncil.ca\/fr\/","logo":{"@type":"ImageObject","url":"https:\/\/dancecouncil.ca\/wp-content\/uploads\/2017\/02\/NDCC-logo-color-200x150-1.png","@id":"https:\/\/dancecouncil.ca\/fr\/ndcc-inscription-amateur\/#organizationLogo","width":200,"height":150},"image":{"@id":"https:\/\/dancecouncil.ca\/fr\/ndcc-inscription-amateur\/#organizationLogo"},"sameAs":["https:\/\/youtube.com\/ndcctv"]},{"@type":"WebPage","@id":"https:\/\/dancecouncil.ca\/fr\/ndcc-inscription-amateur\/#webpage","url":"https:\/\/dancecouncil.ca\/fr\/ndcc-inscription-amateur\/","name":"Inscription amateur NDCC - NDCC","description":"Inscrivez-vous comme membre NDCC aupr\u00e8s du Conseil national de danse du Canada pour participer \u00e0 tout \u00e9v\u00e9nement NDCC ou CDDSC au Canada, ou \u00e9v\u00e9nement NDCA aux \u00c9tats-Unis.","inLanguage":"fr-FR","isPartOf":{"@id":"https:\/\/dancecouncil.ca\/fr\/#website"},"breadcrumb":{"@id":"https:\/\/dancecouncil.ca\/fr\/ndcc-inscription-amateur\/#breadcrumblist"},"datePublished":"2013-01-14T11:39:12-05:00","dateModified":"2026-02-04T12:49:50-05:00"},{"@type":"WebSite","@id":"https:\/\/dancecouncil.ca\/fr\/#website","url":"https:\/\/dancecouncil.ca\/fr\/","name":"NDCC","description":"Conseil National en Danse du Canada","inLanguage":"fr-FR","publisher":{"@id":"https:\/\/dancecouncil.ca\/fr\/#organization"}}]},"og:locale":"fr_FR","og:site_name":"NDCC - Conseil National en Danse du Canada","og:type":"article","og:title":"Inscription amateur NDCC - NDCC","og:description":"Inscrivez-vous comme membre NDCC aupr\u00e8s du Conseil national de danse du Canada pour participer \u00e0 tout \u00e9v\u00e9nement NDCC ou CDDSC au Canada, ou \u00e9v\u00e9nement NDCA aux \u00c9tats-Unis.","og:url":"https:\/\/dancecouncil.ca\/fr\/ndcc-inscription-amateur\/","article:published_time":"2013-01-14T16:39:12+00:00","article:modified_time":"2026-02-04T17:49:50+00:00","article:publisher":"https:\/\/www.facebook.com\/NdccNationalDanceCouncilofCanada\/","twitter:card":"summary_large_image","twitter:title":"Inscription amateur NDCC - NDCC","twitter:description":"Inscrivez-vous comme membre NDCC aupr\u00e8s du Conseil national de danse du Canada pour participer \u00e0 tout \u00e9v\u00e9nement NDCC ou CDDSC au Canada, ou \u00e9v\u00e9nement NDCA aux \u00c9tats-Unis."},"aioseo_meta_data":{"post_id":"10509","title":null,"description":"Inscrivez-vous comme membre NDCC aupr\u00e8s du Conseil national de danse du Canada pour participer \u00e0 tout \u00e9v\u00e9nement NDCC ou CDDSC au Canada, ou \u00e9v\u00e9nement NDCA aux \u00c9tats-Unis.","keywords":null,"keyphrases":{"focus":{"keyphrase":"","score":0,"analysis":{"keyphraseInTitle":{"score":0,"maxScore":9,"error":1}}},"additional":[]},"primary_term":null,"canonical_url":null,"og_title":null,"og_description":null,"og_object_type":"default","og_image_type":"default","og_image_url":null,"og_image_width":null,"og_image_height":null,"og_image_custom_url":null,"og_image_custom_fields":null,"og_video":"","og_custom_url":null,"og_article_section":null,"og_article_tags":null,"twitter_use_og":false,"twitter_card":"default","twitter_image_type":"default","twitter_image_url":null,"twitter_image_custom_url":null,"twitter_image_custom_fields":null,"twitter_title":null,"twitter_description":null,"schema":{"blockGraphs":[],"customGraphs":[],"default":{"data":{"Article":[],"Course":[],"Dataset":[],"FAQPage":[],"Movie":[],"Person":[],"Product":[],"ProductReview":[],"Car":[],"Recipe":[],"Service":[],"SoftwareApplication":[],"WebPage":[]},"graphName":"WebPage","isEnabled":true},"graphs":[]},"schema_type":"default","schema_type_options":null,"pillar_content":false,"robots_default":true,"robots_noindex":false,"robots_noarchive":false,"robots_nosnippet":false,"robots_nofollow":false,"robots_noimageindex":false,"robots_noodp":false,"robots_notranslate":false,"robots_max_snippet":"-1","robots_max_videopreview":"-1","robots_max_imagepreview":"large","priority":null,"frequency":"default","local_seo":null,"limit_modified_date":false,"reviewed_by":"0","open_ai":"{\"title\":{\"suggestions\":[],\"usage\":0},\"description\":{\"suggestions\":[],\"usage\":0}}","created":"2024-03-20 19:07:01","updated":"2026-02-04 17:50:19"},"aioseo_breadcrumb":"<div class=\"aioseo-breadcrumbs\"><span class=\"aioseo-breadcrumb\">\n\t<a href=\"https:\/\/dancecouncil.ca\/fr\/\" title=\"Home\">Home<\/a>\n<\/span><span class=\"aioseo-breadcrumb-separator\">|<\/span><span class=\"aioseo-breadcrumb\">\n\tInscription amateur NDCC\n<\/span><\/div>","aioseo_breadcrumb_json":[{"label":"Home","link":"https:\/\/dancecouncil.ca\/fr\/"},{"label":"Inscription amateur NDCC","link":"https:\/\/dancecouncil.ca\/fr\/ndcc-inscription-amateur\/"}],"_links":{"self":[{"href":"https:\/\/dancecouncil.ca\/fr\/wp-json\/wp\/v2\/pages\/10509","targetHints":{"allow":["GET"]}}],"collection":[{"href":"https:\/\/dancecouncil.ca\/fr\/wp-json\/wp\/v2\/pages"}],"about":[{"href":"https:\/\/dancecouncil.ca\/fr\/wp-json\/wp\/v2\/types\/page"}],"author":[{"embeddable":true,"href":"https:\/\/dancecouncil.ca\/fr\/wp-json\/wp\/v2\/users\/1"}],"replies":[{"embeddable":true,"href":"https:\/\/dancecouncil.ca\/fr\/wp-json\/wp\/v2\/comments?post=10509"}],"version-history":[{"count":0,"href":"https:\/\/dancecouncil.ca\/fr\/wp-json\/wp\/v2\/pages\/10509\/revisions"}],"wp:attachment":[{"href":"https:\/\/dancecouncil.ca\/fr\/wp-json\/wp\/v2\/media?parent=10509"}],"curies":[{"name":"wp","href":"https:\/\/api.w.org\/{rel}","templated":true}]}}